{"id":122,"date":"2021-01-27T16:26:30","date_gmt":"2021-01-27T15:26:30","guid":{"rendered":"http:\/\/jobertusbouwt.be\/?page_id=122"},"modified":"2021-01-27T17:17:17","modified_gmt":"2021-01-27T16:17:17","slug":"timeline-slider","status":"publish","type":"page","link":"https:\/\/jobertusbouwt.be\/index.php\/timelines\/timeline-slider\/","title":{"rendered":"Timeline slider"},"content":{"rendered":"\t\t<div class=\"wpostahs-slider-wrp \" data-conf=\"{&quot;dots&quot;:&quot;true&quot;,&quot;arrows&quot;:&quot;true&quot;,&quot;loop&quot;:&quot;true&quot;,&quot;autoplay&quot;:&quot;false&quot;,&quot;autoplayInterval&quot;:3000,&quot;speed&quot;:300,&quot;fade&quot;:&quot;false&quot;,&quot;rtl&quot;:&quot;false&quot;,&quot;centermode&quot;:&quot;false&quot;,&quot;slidestoshow&quot;:&quot;5&quot;,&quot;lazyload&quot;:&quot;&quot;}\">\r\n\t\t\t<div class=\"wpostahs-slider wpostahs-slider-inner-wrp wpostahs-slider-design-2\">\r\n\t\t\t\t\n<div id=\"wpostahs-slider-nav-1\" class=\"wpostahs-slider-nav-1 wpostahs-slider-nav wpostahs-slick-slider\" data-slider-nav-for='wpostahs-slider-for-1'>\n\t\t\t\t<div class=\"wpostahs-slider-nav-title\">\n\t\t\t<div class=\"wpostahs-main-title\">\n\t\t\t\t<button><\/button>\n\t\t\t<\/div>\n\t\t\t<div class=\"wpostahs-title\">26 juni 2018<\/div>\n\t\t<\/div>\n\t\t\t<div class=\"wpostahs-slider-nav-title\">\n\t\t\t<div class=\"wpostahs-main-title\">\n\t\t\t\t<button><\/button>\n\t\t\t<\/div>\n\t\t\t<div class=\"wpostahs-title\">Opening<\/div>\n\t\t<\/div>\n\t\t\t<div class=\"wpostahs-slider-nav-title\">\n\t\t\t<div class=\"wpostahs-main-title\">\n\t\t\t\t<button><\/button>\n\t\t\t<\/div>\n\t\t\t<div class=\"wpostahs-title\">Kaas en wijn avonden<\/div>\n\t\t<\/div>\n\t\t\t<div class=\"wpostahs-slider-nav-title\">\n\t\t\t<div class=\"wpostahs-main-title\">\n\t\t\t\t<button><\/button>\n\t\t\t<\/div>\n\t\t\t<div class=\"wpostahs-title\">6 januari 2021<\/div>\n\t\t<\/div>\n\t\t\t<div class=\"wpostahs-slider-nav-title\">\n\t\t\t<div class=\"wpostahs-main-title\">\n\t\t\t\t<button><\/button>\n\t\t\t<\/div>\n\t\t\t<div class=\"wpostahs-title\">11 januari 2021<\/div>\n\t\t<\/div>\n\t\t\t<div class=\"wpostahs-slider-nav-title\">\n\t\t\t<div class=\"wpostahs-main-title\">\n\t\t\t\t<button><\/button>\n\t\t\t<\/div>\n\t\t\t<div class=\"wpostahs-title\">Voorstelling bouwproject<\/div>\n\t\t<\/div>\n\t\t\t<div class=\"wpostahs-slider-nav-title\">\n\t\t\t<div class=\"wpostahs-main-title\">\n\t\t\t\t<button><\/button>\n\t\t\t<\/div>\n\t\t\t<div class=\"wpostahs-title\">Uithangen vergunningsaanvraag<\/div>\n\t\t<\/div>\n\t\t\t<div class=\"wpostahs-slider-nav-title\">\n\t\t\t<div class=\"wpostahs-main-title\">\n\t\t\t\t<button><\/button>\n\t\t\t<\/div>\n\t\t\t<div class=\"wpostahs-title\">Project goedgekeurd op gemeenteraad<\/div>\n\t\t<\/div>\n\t\t\t<div class=\"wpostahs-slider-nav-title\">\n\t\t\t<div class=\"wpostahs-main-title\">\n\t\t\t\t<button><\/button>\n\t\t\t<\/div>\n\t\t\t<div class=\"wpostahs-title\">Gemeenteraad keurt bouwproject goed<\/div>\n\t\t<\/div>\n\t\t\t<div class=\"wpostahs-slider-nav-title\">\n\t\t\t<div class=\"wpostahs-main-title\">\n\t\t\t\t<button><\/button>\n\t\t\t<\/div>\n\t\t\t<div class=\"wpostahs-title\">De gemeente Brasschaat investeert in Jobertus<\/div>\n\t\t<\/div>\n\t\t\t<div class=\"wpostahs-slider-nav-title\">\n\t\t\t<div class=\"wpostahs-main-title\">\n\t\t\t\t<button><\/button>\n\t\t\t<\/div>\n\t\t\t<div class=\"wpostahs-title\">fiscaal attest via KBS<\/div>\n\t\t<\/div>\n\t\t\t<div class=\"wpostahs-slider-nav-title\">\n\t\t\t<div class=\"wpostahs-main-title\">\n\t\t\t\t<button><\/button>\n\t\t\t<\/div>\n\t\t\t<div class=\"wpostahs-title\">Eindelijk &#8230; een min of meer betaalbare offerte<\/div>\n\t\t<\/div>\n\t\t\t<div class=\"wpostahs-slider-nav-title\">\n\t\t\t<div class=\"wpostahs-main-title\">\n\t\t\t\t<button><\/button>\n\t\t\t<\/div>\n\t\t\t<div class=\"wpostahs-title\">Betonnen panelen worden aangebracht<\/div>\n\t\t<\/div>\n\t\t\t<div class=\"wpostahs-slider-nav-title\">\n\t\t\t<div class=\"wpostahs-main-title\">\n\t\t\t\t<button><\/button>\n\t\t\t<\/div>\n\t\t\t<div class=\"wpostahs-title\">De fundering en werftoegang wordt gelegd.<\/div>\n\t\t<\/div>\n\t\t\t<div class=\"wpostahs-slider-nav-title\">\n\t\t\t<div class=\"wpostahs-main-title\">\n\t\t\t\t<button><\/button>\n\t\t\t<\/div>\n\t\t\t<div class=\"wpostahs-title\">28\/10\/2024 De metalen constructie wordt opgebouwd<\/div>\n\t\t<\/div>\n\t\t\t<div class=\"wpostahs-slider-nav-title\">\n\t\t\t<div class=\"wpostahs-main-title\">\n\t\t\t\t<button><\/button>\n\t\t\t<\/div>\n\t\t\t<div class=\"wpostahs-title\">13\/11\/2024 En het werk gaat verder<\/div>\n\t\t<\/div>\n\t<\/div>\n\n<div class=\"wpostahs-slider-for-1 wpostahs-slider-for wpostahs-slick-slider\">\n\t\t\t\n\t\t<div class=\"wpostahs-slider-nav-content\">\n\t\t<h2 class=\"wpostahs-centent-title\">26 juni 2018<\/h2>\n\t\t\t<div class=\"wpostahs-centent\">\n\t\t\t\t<p>Verbouwing wordt tegenover nieuwbouw geplaatst. Renovatie zal veel te veel kosten. Het gebouw is niet of nauwelijks ge\u00efsoleerd. Een nieuwbouw wordt overwogen. Maar&#8230; daar hangt een prijskaartje aan vast.<br \/>\n<img loading=\"lazy\" decoding=\"async\" src=\"http:\/\/jobertusbouwt.be\/wp-content\/uploads\/2021\/01\/scoutslokaal-oud-klein-300x176.jpg\" alt=\"\" width=\"300\" height=\"176\" class=\"alignnone size-medium wp-image-263\" srcset=\"https:\/\/jobertusbouwt.be\/wp-content\/uploads\/2021\/01\/scoutslokaal-oud-klein-300x176.jpg 300w, https:\/\/jobertusbouwt.be\/wp-content\/uploads\/2021\/01\/scoutslokaal-oud-klein.jpg 652w\" sizes=\"auto, (max-width: 300px) 85vw, 300px\" \/><\/p>\n\t\t\t<\/div>\n\n\t\t\t\t<\/div>\n\t\t\t\n\t\t<div class=\"wpostahs-slider-nav-content\">\n\t\t<h2 class=\"wpostahs-centent-title\">Opening<\/h2>\n\t\t\t<div class=\"wpostahs-centent\">\n\t\t\t\t<p>september 2021: Opening scoutsjaar<\/p>\n\t\t\t<\/div>\n\n\t\t\t\t<\/div>\n\t\t\t\n\t\t<div class=\"wpostahs-slider-nav-content\">\n\t\t<h2 class=\"wpostahs-centent-title\">Kaas en wijn avonden<\/h2>\n\t\t\t<div class=\"wpostahs-centent\">\n\t\t\t\t<p>De geest is uit de fles!<br \/>\nOok dit jaar zal -behoudens last-minute wijzigingen in de regelgeving rond Corona-maatregelen- de Stille Meeuw Kaas &amp; Wijnavond plaats vinden.<\/p>\n<p>Dit jaar organiseren we die op zowel 16 als 17 oktober, omdat de capaciteit van het lokaal beperkt werd tot 90 personen.<\/p>\n<div  class=\"lgc-column lgc-grid-parent lgc-grid-50 lgc-tablet-grid-50 lgc-mobile-grid-100 lgc-equal-heights \"><div  class=\"inside-grid-column\"><br \/>\n<img loading=\"lazy\" decoding=\"async\" class=\"alignnone size-medium wp-image-271\" src=\"http:\/\/jobertusbouwt.be\/wp-content\/uploads\/2021\/02\/kaas_en_wijn_2020_mailchimp-367x400-1-275x300.png\" alt=\"\" width=\"275\" height=\"300\" srcset=\"https:\/\/jobertusbouwt.be\/wp-content\/uploads\/2021\/02\/kaas_en_wijn_2020_mailchimp-367x400-1-275x300.png 275w, https:\/\/jobertusbouwt.be\/wp-content\/uploads\/2021\/02\/kaas_en_wijn_2020_mailchimp-367x400-1.png 367w\" sizes=\"auto, (max-width: 275px) 85vw, 275px\" \/>\n<p><\/p><\/div><\/div>\n<div  class=\"lgc-column lgc-grid-parent lgc-grid-50 lgc-tablet-grid-50 lgc-mobile-grid-100 lgc-equal-heights \"><div  class=\"inside-grid-column\">\n<p>&nbsp;<\/p>\n<p><img loading=\"lazy\" decoding=\"async\" class=\"alignnone size-medium wp-image-405\" src=\"http:\/\/jobertusbouwt.be\/wp-content\/uploads\/2021\/02\/kaas-en-wijn-300x169.jpg\" alt=\"\" width=\"300\" height=\"169\" srcset=\"https:\/\/jobertusbouwt.be\/wp-content\/uploads\/2021\/02\/kaas-en-wijn-300x169.jpg 300w, https:\/\/jobertusbouwt.be\/wp-content\/uploads\/2021\/02\/kaas-en-wijn-1024x577.jpg 1024w, https:\/\/jobertusbouwt.be\/wp-content\/uploads\/2021\/02\/kaas-en-wijn-768x432.jpg 768w, https:\/\/jobertusbouwt.be\/wp-content\/uploads\/2021\/02\/kaas-en-wijn-1536x865.jpg 1536w, https:\/\/jobertusbouwt.be\/wp-content\/uploads\/2021\/02\/kaas-en-wijn-1200x676.jpg 1200w, https:\/\/jobertusbouwt.be\/wp-content\/uploads\/2021\/02\/kaas-en-wijn.jpg 1920w\" sizes=\"auto, (max-width: 300px) 85vw, 300px\" \/><\/p>\n<p><\/p><\/div><\/div><div class=\"lgc-clear\"><\/div>\n\t\t\t<\/div>\n\n\t\t\t\t<\/div>\n\t\t\t\n\t\t<div class=\"wpostahs-slider-nav-content\">\n\t\t<h2 class=\"wpostahs-centent-title\">6 januari 2021<\/h2>\n\t\t\t<div class=\"wpostahs-centent\">\n\t\t\t\t<p>Een firma komt het lokaal inspecteren om een sloopverslag op te maken. In het verslag staat dat er zeer weinig isolatie terug te vinden is. Maar dat wisten we al. Het gebruik van asbest is minimaal. Een meevaller met het oog op de sloop van het oude lokaal in de toekomst.<\/p>\n\t\t\t<\/div>\n\n\t\t\t\t<\/div>\n\t\t\t\n\t\t<div class=\"wpostahs-slider-nav-content\">\n\t\t<h2 class=\"wpostahs-centent-title\">11 januari 2021<\/h2>\n\t\t\t<div class=\"wpostahs-centent\">\n\t\t\t\t<p>Vandaag passeert het eerste werfvoettuig. De firma Verbeke komt op bezoek. Zij zoekt informatie over de draagkracht en aard van de ondergrond. Die is noodzakelijk om het optimaal funderingssysteem te bepalen die het lokaal een stabiele basis zal geven.<\/p>\n<p>Het grondonderzoek bestaat uit het uitvoeren van diepsonderingen in functie van het bepalen van de draagkracht en boringen in functie van de aard van de ondergrond (grondverzet, \u2026).<br \/>\n<img loading=\"lazy\" decoding=\"async\" src=\"http:\/\/jobertusbouwt.be\/wp-content\/uploads\/2021\/02\/sondeerapparaat-kleur-182x300.jpg\" alt=\"\" width=\"182\" height=\"300\" class=\"alignnone size-medium wp-image-275\" srcset=\"https:\/\/jobertusbouwt.be\/wp-content\/uploads\/2021\/02\/sondeerapparaat-kleur-182x300.jpg 182w, https:\/\/jobertusbouwt.be\/wp-content\/uploads\/2021\/02\/sondeerapparaat-kleur.jpg 240w\" sizes=\"auto, (max-width: 182px) 85vw, 182px\" \/><\/p>\n\t\t\t<\/div>\n\n\t\t\t\t<\/div>\n\t\t\t\n\t\t<div class=\"wpostahs-slider-nav-content\">\n\t\t<h2 class=\"wpostahs-centent-title\">Voorstelling bouwproject<\/h2>\n\t\t\t<div class=\"wpostahs-centent\">\n\t\t\t\t<p>Op\u00a0 dinsdag 16 maart 2021 om 20.00 uur wordt het project voorgesteld op de commissie vergadering.<br \/>\nOp maandag 29 maart 2021 om 20.00 uur wordt het project op de gemeenteraad besproken.<\/p>\n<p>Beide evenementen zijn te volgen via onderstaande link. We zijn het eerste agendapunt.<\/p>\n<p><a href=\"https:\/\/www.youtube.com\/c\/Brasschaat2930_comm\/live\">https:\/\/www.youtube.com\/c\/Brasschaat2930_comm\/live<\/a><\/p>\n<div  class=\"lgc-column lgc-grid-parent lgc-grid-50 lgc-tablet-grid-50 lgc-mobile-grid-100 lgc-equal-heights \"><div  class=\"inside-grid-column\"><br \/>\n<img loading=\"lazy\" decoding=\"async\" class=\"alignnone size-medium wp-image-403\" src=\"http:\/\/jobertusbouwt.be\/wp-content\/uploads\/2021\/02\/commisie-300x170.jpg\" alt=\"\" width=\"300\" height=\"170\" srcset=\"https:\/\/jobertusbouwt.be\/wp-content\/uploads\/2021\/02\/commisie-300x170.jpg 300w, https:\/\/jobertusbouwt.be\/wp-content\/uploads\/2021\/02\/commisie-1024x582.jpg 1024w, https:\/\/jobertusbouwt.be\/wp-content\/uploads\/2021\/02\/commisie-768x436.jpg 768w, https:\/\/jobertusbouwt.be\/wp-content\/uploads\/2021\/02\/commisie-1200x682.jpg 1200w, https:\/\/jobertusbouwt.be\/wp-content\/uploads\/2021\/02\/commisie.jpg 1281w\" sizes=\"auto, (max-width: 300px) 85vw, 300px\" \/>\n<p><\/p><\/div><\/div>\n<div  class=\"lgc-column lgc-grid-parent lgc-grid-50 lgc-tablet-grid-50 lgc-mobile-grid-100 lgc-equal-heights \"><div  class=\"inside-grid-column\">\n<p>&nbsp;<\/p>\n<p><img loading=\"lazy\" decoding=\"async\" class=\"alignnone size-medium wp-image-404\" src=\"http:\/\/jobertusbouwt.be\/wp-content\/uploads\/2021\/02\/commisie-vergadering-2-300x136.jpg\" alt=\"\" width=\"300\" height=\"136\" srcset=\"https:\/\/jobertusbouwt.be\/wp-content\/uploads\/2021\/02\/commisie-vergadering-2-300x136.jpg 300w, https:\/\/jobertusbouwt.be\/wp-content\/uploads\/2021\/02\/commisie-vergadering-2-1024x465.jpg 1024w, https:\/\/jobertusbouwt.be\/wp-content\/uploads\/2021\/02\/commisie-vergadering-2-768x349.jpg 768w, https:\/\/jobertusbouwt.be\/wp-content\/uploads\/2021\/02\/commisie-vergadering-2-1200x545.jpg 1200w, https:\/\/jobertusbouwt.be\/wp-content\/uploads\/2021\/02\/commisie-vergadering-2.jpg 1312w\" sizes=\"auto, (max-width: 300px) 85vw, 300px\" \/><\/p>\n<p><\/p><\/div><\/div><div class=\"lgc-clear\"><\/div>\n\t\t\t<\/div>\n\n\t\t\t\t<\/div>\n\t\t\t\n\t\t<div class=\"wpostahs-slider-nav-content\">\n\t\t<h2 class=\"wpostahs-centent-title\">Uithangen vergunningsaanvraag<\/h2>\n\t\t\t<div class=\"wpostahs-centent\">\n\t\t\t\t<p>De vergunningsaanvraag (gele affiche) hangt op het terrein sinds donderdag 11 maart 2021. Vanaf 15 maart loopt het openbaar onderzoek.<\/p>\n<p><img loading=\"lazy\" decoding=\"async\" class=\"alignnone size-medium wp-image-370\" src=\"http:\/\/jobertusbouwt.be\/wp-content\/uploads\/2021\/03\/bouwvergunning-145x300.jpeg\" alt=\"\" width=\"145\" height=\"300\" srcset=\"https:\/\/jobertusbouwt.be\/wp-content\/uploads\/2021\/03\/bouwvergunning-145x300.jpeg 145w, https:\/\/jobertusbouwt.be\/wp-content\/uploads\/2021\/03\/bouwvergunning-494x1024.jpeg 494w, https:\/\/jobertusbouwt.be\/wp-content\/uploads\/2021\/03\/bouwvergunning.jpeg 521w\" sizes=\"auto, (max-width: 145px) 85vw, 145px\" \/><\/p>\n\t\t\t<\/div>\n\n\t\t\t\t<\/div>\n\t\t\t\n\t\t<div class=\"wpostahs-slider-nav-content\">\n\t\t<h2 class=\"wpostahs-centent-title\">Project goedgekeurd op gemeenteraad<\/h2>\n\t\t\t<div class=\"wpostahs-centent\">\n\t\t\t\t<p>Op de gemeenteraad van 29 maart 2021 werd om 22.33 uur het agendapunt 19 goedgekeurd.<\/p>\n<div  class=\"lgc-column lgc-grid-parent lgc-grid-50 lgc-tablet-grid-50 lgc-mobile-grid-100 lgc-equal-heights \"><div  class=\"inside-grid-column\">\n<p>19 Sportendreef 14. Nieuwbouwproject vzw Stille Meeuw. Goedkeuring concessieovereenkomst, toelage en borgstelling.<\/p>\n<p>Aan de gemeenteraad wordt gevraagd goedkeuring te hechten aan de concessieovereenkomst, addendum 1, gemeentelijke toelage en borgstelling door de gemeente zoals boven omschreven.<\/p>\n<p>&nbsp;<\/p>\n<p><\/p><\/div><\/div>\n<div  class=\"lgc-column lgc-grid-parent lgc-grid-50 lgc-tablet-grid-50 lgc-mobile-grid-100 lgc-equal-heights \"><div  class=\"inside-grid-column\"><img loading=\"lazy\" decoding=\"async\" class=\"alignnone size-medium wp-image-449\" src=\"http:\/\/jobertusbouwt.be\/wp-content\/uploads\/2021\/03\/gemeenteraad-agenda-20210329-289x300.jpg\" alt=\"\" width=\"289\" height=\"300\" srcset=\"https:\/\/jobertusbouwt.be\/wp-content\/uploads\/2021\/03\/gemeenteraad-agenda-20210329-289x300.jpg 289w, https:\/\/jobertusbouwt.be\/wp-content\/uploads\/2021\/03\/gemeenteraad-agenda-20210329-768x797.jpg 768w, https:\/\/jobertusbouwt.be\/wp-content\/uploads\/2021\/03\/gemeenteraad-agenda-20210329.jpg 834w\" sizes=\"auto, (max-width: 289px) 85vw, 289px\" \/><\/div><\/div><div class=\"lgc-clear\"><\/div>\n<p><img loading=\"lazy\" decoding=\"async\" class=\"alignnone size-medium wp-image-451\" src=\"http:\/\/jobertusbouwt.be\/wp-content\/uploads\/2021\/03\/gemeenteraad-goedgekeurd-300x235.jpg\" alt=\"\" width=\"300\" height=\"235\" srcset=\"https:\/\/jobertusbouwt.be\/wp-content\/uploads\/2021\/03\/gemeenteraad-goedgekeurd-300x235.jpg 300w, https:\/\/jobertusbouwt.be\/wp-content\/uploads\/2021\/03\/gemeenteraad-goedgekeurd.jpg 678w\" sizes=\"auto, (max-width: 300px) 85vw, 300px\" \/><\/p>\n\t\t\t<\/div>\n\n\t\t\t\t<\/div>\n\t\t\t\n\t\t<div class=\"wpostahs-slider-nav-content\">\n\t\t<h2 class=\"wpostahs-centent-title\">Gemeenteraad keurt bouwproject goed<\/h2>\n\t\t\t<div class=\"wpostahs-centent\">\n\t\t\t\t<p><img loading=\"lazy\" decoding=\"async\" class=\"alignnone size-medium wp-image-474\" src=\"http:\/\/jobertusbouwt.be\/wp-content\/uploads\/2021\/04\/20210330-NV-A-brasschaat-228x300.jpg\" alt=\"\" width=\"228\" height=\"300\" srcset=\"https:\/\/jobertusbouwt.be\/wp-content\/uploads\/2021\/04\/20210330-NV-A-brasschaat-228x300.jpg 228w, https:\/\/jobertusbouwt.be\/wp-content\/uploads\/2021\/04\/20210330-NV-A-brasschaat.jpg 725w\" sizes=\"auto, (max-width: 228px) 85vw, 228px\" \/><\/p>\n\t\t\t<\/div>\n\n\t\t\t\t<\/div>\n\t\t\t\n\t\t<div class=\"wpostahs-slider-nav-content\">\n\t\t<h2 class=\"wpostahs-centent-title\">De gemeente Brasschaat investeert in Jobertus<\/h2>\n\t\t\t<div class=\"wpostahs-centent\">\n\t\t\t\t<p><img loading=\"lazy\" decoding=\"async\" class=\"alignnone size-medium wp-image-554\" src=\"http:\/\/jobertusbouwt.be\/wp-content\/uploads\/2021\/07\/20210401-het-nieuwsblad-nieuwbouw001-300x137.jpg\" alt=\"\" width=\"300\" height=\"137\" srcset=\"https:\/\/jobertusbouwt.be\/wp-content\/uploads\/2021\/07\/20210401-het-nieuwsblad-nieuwbouw001-300x137.jpg 300w, https:\/\/jobertusbouwt.be\/wp-content\/uploads\/2021\/07\/20210401-het-nieuwsblad-nieuwbouw001-1024x467.jpg 1024w, https:\/\/jobertusbouwt.be\/wp-content\/uploads\/2021\/07\/20210401-het-nieuwsblad-nieuwbouw001-768x351.jpg 768w, https:\/\/jobertusbouwt.be\/wp-content\/uploads\/2021\/07\/20210401-het-nieuwsblad-nieuwbouw001-1536x701.jpg 1536w, https:\/\/jobertusbouwt.be\/wp-content\/uploads\/2021\/07\/20210401-het-nieuwsblad-nieuwbouw001-2048x935.jpg 2048w, https:\/\/jobertusbouwt.be\/wp-content\/uploads\/2021\/07\/20210401-het-nieuwsblad-nieuwbouw001-1200x548.jpg 1200w\" sizes=\"auto, (max-width: 300px) 85vw, 300px\" \/><\/p>\n<p><img loading=\"lazy\" decoding=\"async\" class=\"alignnone size-medium wp-image-552\" src=\"http:\/\/jobertusbouwt.be\/wp-content\/uploads\/2021\/07\/20210416-investering-gemeente001-300x172.jpg\" alt=\"\" width=\"300\" height=\"172\" srcset=\"https:\/\/jobertusbouwt.be\/wp-content\/uploads\/2021\/07\/20210416-investering-gemeente001-300x172.jpg 300w, https:\/\/jobertusbouwt.be\/wp-content\/uploads\/2021\/07\/20210416-investering-gemeente001-1024x588.jpg 1024w, https:\/\/jobertusbouwt.be\/wp-content\/uploads\/2021\/07\/20210416-investering-gemeente001-768x441.jpg 768w, https:\/\/jobertusbouwt.be\/wp-content\/uploads\/2021\/07\/20210416-investering-gemeente001-1536x881.jpg 1536w, https:\/\/jobertusbouwt.be\/wp-content\/uploads\/2021\/07\/20210416-investering-gemeente001-2048x1175.jpg 2048w, https:\/\/jobertusbouwt.be\/wp-content\/uploads\/2021\/07\/20210416-investering-gemeente001-1200x689.jpg 1200w\" sizes=\"auto, (max-width: 300px) 85vw, 300px\" \/><\/p>\n<p>&nbsp;<\/p>\n\t\t\t<\/div>\n\n\t\t\t\t<\/div>\n\t\t\t\n\t\t<div class=\"wpostahs-slider-nav-content\">\n\t\t<h2 class=\"wpostahs-centent-title\">fiscaal attest via KBS<\/h2>\n\t\t\t<div class=\"wpostahs-centent\">\n\t\t\t\t<p>Op 1 juli 2021 verleende de Koning Boudewijnstichting (KBS) hun steun aan ons project en werd ons bouwproject ook erkend als goed doel.<\/p>\n<p>Hierdoor zijn giften die via KBS gedaan worden fiscaal aftrekbaar vanaf \u20ac 40.<\/p>\n<p>Rek nr KBS <strong>BE10 0000 0000 0404 <\/strong>gestructureerde mededeling: <strong>623\/3653\/20095<\/strong><\/p>\n<p><em>\u201cKBS wil de solidariteit stimuleren en biedt via het systeem van &#8216;projectrekening&#8217; de mogelijkheid om de vrijgevigheid van vele schenkers in te zetten tot een billijker samenleving. De projectrekening wordt beheerd door de Koning Boudewijnstichting, waardoor ons project meer erkenning en zichtbaarheid krijgt.<\/em><\/p>\n<p><em>Schenkers kunnen er ook zeker van zijn dat hun geld goed besteed wordt, als ze een gift overmaken op een projectrekening bij de Koning Boudewijnstichting, want zij volgen het project mee op. Bovendien krijgen schenkers van de KBS een fiscaal attest voor giften vanaf \u20ac 40.\u201d<\/em><\/p>\n\t\t\t<\/div>\n\n\t\t\t\t<\/div>\n\t\t\t\n\t\t<div class=\"wpostahs-slider-nav-content\">\n\t\t<h2 class=\"wpostahs-centent-title\">Eindelijk &#8230; een min of meer betaalbare offerte<\/h2>\n\t\t\t<div class=\"wpostahs-centent\">\n\t\t\t\t<p>Vanaf juli 2024 is de kogel door de kerk. We gaan in zee met Cuylaerts industiebouw. Het concept wordt licht aangepast.<\/p>\n<p>BRO architecten hebben het ontwerp hertekend zodat het gezet kan worden door een industriebouwer.<\/p>\n<p>Nu kan het snel gaan.<\/p>\n\t\t\t<\/div>\n\n\t\t\t\t<\/div>\n\t\t\t\n\t\t<div class=\"wpostahs-slider-nav-content\">\n\t\t<h2 class=\"wpostahs-centent-title\">Betonnen panelen worden aangebracht<\/h2>\n\t\t\t<div class=\"wpostahs-centent\">\n\t\t\t\t<p>29 oktober.<br \/>\nBetonnen panelen vinden hun weg naar het terrein voor de nieuwe lokalen.<\/p>\n<p><img loading=\"lazy\" decoding=\"async\" class=\"alignnone size-thumbnail wp-image-733\" src=\"http:\/\/jobertusbouwt.be\/wp-content\/uploads\/2024\/10\/IMG_20241029_162225599-150x150.jpg\" alt=\"\" width=\"150\" height=\"150\" \/> <img loading=\"lazy\" decoding=\"async\" class=\"alignnone size-thumbnail wp-image-800\" src=\"http:\/\/jobertusbouwt.be\/wp-content\/uploads\/2024\/11\/IMG_20241029_161559918_PORTRAIT-150x150.jpg\" alt=\"\" width=\"150\" height=\"150\" \/><img loading=\"lazy\" decoding=\"async\" class=\"alignnone size-thumbnail wp-image-801\" src=\"http:\/\/jobertusbouwt.be\/wp-content\/uploads\/2024\/11\/IMG_20241029_161607019_PORTRAIT-150x150.jpg\" alt=\"\" width=\"150\" height=\"150\" \/><\/p>\n\t\t\t<\/div>\n\n\t\t\t\t<\/div>\n\t\t\t\n\t\t<div class=\"wpostahs-slider-nav-content\">\n\t\t<h2 class=\"wpostahs-centent-title\">De fundering en werftoegang wordt gelegd.<\/h2>\n\t\t\t<div class=\"wpostahs-centent\">\n\t\t\t\t<p><img loading=\"lazy\" decoding=\"async\" class=\" wp-image-792 alignleft\" src=\"http:\/\/jobertusbouwt.be\/wp-content\/uploads\/2024\/11\/IMG_20240823_122527251_HDR-150x150.jpg\" alt=\"\" width=\"284\" height=\"284\" \/>Augustus 2024, nog voor de opening van het nieuwe scoutsjaar worden enkele struiken en bomen verwijderd, is de werf toegang zichtbaar en wordt de omheining rond het project geplaatst.<br \/>\nDe funderingsputten worden gegraven en volgestort met beton.<br \/>\nWe krijgen een beetje zicht op hoe het project er gaat uitzien.<\/p>\n<p><img loading=\"lazy\" decoding=\"async\" class=\"alignnone  wp-image-795\" src=\"http:\/\/jobertusbouwt.be\/wp-content\/uploads\/2024\/11\/IMG_20240823_122616569-150x150.jpg\" alt=\"\" width=\"223\" height=\"223\" \/><\/p>\n\t\t\t<\/div>\n\n\t\t\t\t<\/div>\n\t\t\t\n\t\t<div class=\"wpostahs-slider-nav-content\">\n\t\t<h2 class=\"wpostahs-centent-title\">28\/10\/2024 De metalen constructie wordt opgebouwd<\/h2>\n\t\t\t<div class=\"wpostahs-centent\">\n\t\t\t\t<p>28 oktober.<br \/>\nGrote kranen en een hoogtewerker draaien het terrein op. Een verlichtingsmast wordt ge\u00efnstalleerd. Gaat de bouw van start?<\/p>\n<p><img loading=\"lazy\" decoding=\"async\" class=\"alignnone wp-image-730\" src=\"http:\/\/jobertusbouwt.be\/wp-content\/uploads\/2024\/10\/20241028-bouw2-150x150.jpeg\" alt=\"\" width=\"277\" height=\"277\" \/><\/p>\n\t\t\t<\/div>\n\n\t\t\t\t<\/div>\n\t\t\t\n\t\t<div class=\"wpostahs-slider-nav-content\">\n\t\t<h2 class=\"wpostahs-centent-title\">13\/11\/2024 En het werk gaat verder<\/h2>\n\t\t\t<div class=\"wpostahs-centent\">\n\t\t\t\t<p>Half november.<\/p>\n<p>Er werd een goede maand opgebouwd en de volledige staalstructuur van de rechterkant staat recht.<br \/>\n<img loading=\"lazy\" decoding=\"async\" class=\"size-thumbnail wp-image-808 alignleft\" src=\"http:\/\/jobertusbouwt.be\/wp-content\/uploads\/2024\/11\/IMG_20241113_133137318-150x150.jpg\" alt=\"\" width=\"150\" height=\"150\" \/><br \/>\nDe betonnen panelen werden \u00e9\u00e9n voor \u00e9\u00e9n aangebracht. Het ziet er imposant uit. Voorlopig is het nog gissen hoe het nieuwe lokaal er gaat uitzien, maar het is veel belovend.\u00a0<img loading=\"lazy\" decoding=\"async\" class=\"size-thumbnail wp-image-810 alignleft\" src=\"http:\/\/jobertusbouwt.be\/wp-content\/uploads\/2024\/11\/IMG_20241112_162051241-150x150.jpg\" alt=\"\" width=\"150\" height=\"150\" \/><\/p>\n\t\t\t<\/div>\n\n\t\t\t\t<\/div>\n\t<\/div>\t\t\t<\/div>\r\n\t\t<\/div>\r\n\t\t\n","protected":false},"excerpt":{"rendered":"","protected":false},"author":7,"featured_media":0,"parent":110,"menu_order":0,"comment_status":"closed","ping_status":"closed","template":"","meta":{"footnotes":""},"class_list":["post-122","page","type-page","status-publish","hentry"],"_links":{"self":[{"href":"https:\/\/jobertusbouwt.be\/index.php\/wp-json\/wp\/v2\/pages\/122","targetHints":{"allow":["GET"]}}],"collection":[{"href":"https:\/\/jobertusbouwt.be\/index.php\/wp-json\/wp\/v2\/pages"}],"about":[{"href":"https:\/\/jobertusbouwt.be\/index.php\/wp-json\/wp\/v2\/types\/page"}],"author":[{"embeddable":true,"href":"https:\/\/jobertusbouwt.be\/index.php\/wp-json\/wp\/v2\/users\/7"}],"replies":[{"embeddable":true,"href":"https:\/\/jobertusbouwt.be\/index.php\/wp-json\/wp\/v2\/comments?post=122"}],"version-history":[{"count":10,"href":"https:\/\/jobertusbouwt.be\/index.php\/wp-json\/wp\/v2\/pages\/122\/revisions"}],"predecessor-version":[{"id":804,"href":"https:\/\/jobertusbouwt.be\/index.php\/wp-json\/wp\/v2\/pages\/122\/revisions\/804"}],"up":[{"embeddable":true,"href":"https:\/\/jobertusbouwt.be\/index.php\/wp-json\/wp\/v2\/pages\/110"}],"wp:attachment":[{"href":"https:\/\/jobertusbouwt.be\/index.php\/wp-json\/wp\/v2\/media?parent=122"}],"curies":[{"name":"wp","href":"https:\/\/api.w.org\/{rel}","templated":true}]}}